{"id":7154,"date":"2013-12-16T13:32:47","date_gmt":"2013-12-16T19:32:47","guid":{"rendered":"http:\/\/www.lib.uiowa.edu\/sc\/?page_id=7154"},"modified":"2022-10-13T08:27:26","modified_gmt":"2022-10-13T13:27:26","slug":"bookbindings","status":"publish","type":"page","link":"https:\/\/www.lib.uiowa.edu\/sc\/bookcolls\/bookbindings\/","title":{"rendered":"Bookbindings of Structural or Historical Interest"},"content":{"rendered":"<p>A lowercase &#8220;x&#8221; at the beginning of a call number indicates x collection; &#8220;Szath&#8221;, Szathmary collection, etc. A lower case &#8220;f&#8221; indicates a folio (or oversized book), the last numbers are the year of publication. The examples below are listed (for the most part) by date of publication.<\/p>\n<div class=\"entry\">\n<p><img loading=\"lazy\" decoding=\"async\" class=\"alignleft\" src=\"http:\/\/www.lib.uiowa.edu\/sc\/files\/tablet.jpg\" alt=\"\" width=\"140\" height=\"140\" align=\"left\" \/>Call Number: No call number<\/p>\n<p>Imprint: Clay tablet dated Amar-Suen 7, ca. 2050 BC, from Umma, modern Djokha<\/p>\n<p>Text: receipt for a goat, signed by Akala the scribe, son of Ur-nigar, chief cattle manager<\/p>\n<p>Structure: Clay tablet<\/p>\n<p>Size: 40x40mm<\/p>\n<p>Notes:<\/p>\n<\/div>\n<div class=\"entry\">\n<p><img loading=\"lazy\" decoding=\"async\" class=\"alignleft\" src=\"http:\/\/www.lib.uiowa.edu\/sc\/files\/reprotablet.jpg\" alt=\"\" width=\"146\" height=\"228\" align=\"left\" \/> Call number: No call number<\/p>\n<p>Size: 50x70mm<\/p>\n<p>Notes: Modern facsimile of a clay tablet; with reed stylus.<\/p>\n<\/div>\n<p>&nbsp;<\/p>\n<p>&nbsp;<\/p>\n<p>&nbsp;<\/p>\n<div class=\"entry\">\n<p><img loading=\"lazy\" decoding=\"async\" class=\"alignleft\" src=\"http:\/\/www.lib.uiowa.edu\/sc\/files\/AlbertofPadua.jpg\" alt=\"\" width=\"200\" height=\"195\" align=\"left\" \/>Call Number: MsC 542 (Medieval Mss)<\/p>\n<p>Imprint: Albert of Padua. <em>Sermons &#8211; Postillae.<\/em><\/p>\n<p>Text:<\/p>\n<p>Structure:<\/p>\n<p>Size: 170x205mm<\/p>\n<p>Notes: Textblock is half parchment, half paper. Rebound with protective wrapper by Pamela Spitmueller.<\/p>\n<p>&nbsp;<\/p>\n<\/div>\n<div class=\"entry\">\n<p><img loading=\"lazy\" decoding=\"async\" class=\"alignleft\" src=\"http:\/\/www.lib.uiowa.edu\/sc\/files\/PapalManuscript.jpg\" alt=\"\" width=\"200\" height=\"325\" align=\"left\" \/>Call Number: MsC 541 (Medieval Mss).<\/p>\n<p>Imprint: Pio Antonio Olivieri. Papal Manuscript.<\/p>\n<p>Text:<\/p>\n<p>Structure:<\/p>\n<p>Size:<\/p>\n<p>Notes:<\/p>\n<\/div>\n<p>&nbsp;<\/p>\n<p>&nbsp;<\/p>\n<p>&nbsp;<\/p>\n<p>&nbsp;<\/p>\n<div class=\"entry\">\n<p><img loading=\"lazy\" decoding=\"async\" class=\"alignleft\" src=\"http:\/\/www.lib.uiowa.edu\/sc\/files\/Cicero1361.jpg\" alt=\"\" width=\"200\" height=\"242\" align=\"left\" \/>Call Number: xMMs. Misc1<\/p>\n<p>Imprint: Cicero. Doubtful and Spurious Works. <em>Ad Herennium Libri IV.<\/em><\/p>\n<p>Text:<\/p>\n<p>Structure:<\/p>\n<p>Size:<\/p>\n<p>Notes: Item can only be handled by Conservation or Special Collections staff at this time.<\/p>\n<\/div>\n<p>&nbsp;<\/p>\n<p>&nbsp;<\/p>\n<div class=\"entry\">\n<p><img loading=\"lazy\" decoding=\"async\" class=\"alignleft\" src=\"http:\/\/www.lib.uiowa.edu\/sc\/files\/Pharsalia1465backboard.jpg\" alt=\"\" width=\"189\" height=\"300\" align=\"left\" \/><img loading=\"lazy\" decoding=\"async\" class=\"alignleft\" src=\"http:\/\/www.lib.uiowa.edu\/sc\/files\/Pharsalia14651.jpg\" alt=\"\" width=\"200\" height=\"267\" align=\"left\" \/>Call Number: xMMs.H.1<\/p>\n<p>Imprint: Lucanus, Marcus Annaeus.<em> Pharsalia. <\/em><\/p>\n<p>Text:<\/p>\n<p>Structure: Manuscript appears to have been prepared for the heavy marginal annotation present in the first half.<\/p>\n<p>Size: 210x290mm.<\/p>\n<p>Notes: Full calf over wooden boards. Sewing is largely broken, which expose remains of sewing on four split (tawed) thongs.<\/p>\n<\/div>\n<p>&nbsp;<\/p>\n<p>&nbsp;<\/p>\n<div class=\"entry\">\n<p><img loading=\"lazy\" decoding=\"async\" class=\"alignleft\" src=\"http:\/\/www.lib.uiowa.edu\/sc\/files\/Fasiculus1484.jpg\" alt=\"\" width=\"200\" height=\"274\" align=\"left\" \/>Call Number: Typo Lab f D21.R64 1484<\/p>\n<p>Imprint: Rolevink, Werner. <em>Fasciculus. <\/em>Venice: Ratdolt, 1484.<\/p>\n<p>Text:<\/p>\n<p>Structure: Semi-limp paper boards. Pastepaper cover.<\/p>\n<p>Size: 210x305mm<\/p>\n<p>Notes: Dropspine box.<\/p>\n<\/div>\n<p>&nbsp;<\/p>\n<p>&nbsp;<\/p>\n<div class=\"entry\">\n<p><img loading=\"lazy\" decoding=\"async\" class=\"alignleft\" src=\"http:\/\/www.lib.uiowa.edu\/sc\/files\/Platoletters.jpg\" alt=\"\" width=\"200\" height=\"275\" align=\"left\" \/><img loading=\"lazy\" decoding=\"async\" class=\"alignleft\" src=\"http:\/\/www.lib.uiowa.edu\/sc\/files\/Platolettersspine.jpg\" alt=\"\" width=\"75\" height=\"275\" align=\"left\" \/> Call Number: xPA3487.E4 1499<\/p>\n<p>Imprint: <em>Plato&#8217;s Letters\u2026<\/em><em>Epistolae Diversorum Philosophorum <\/em><\/p>\n<p>Text:<\/p>\n<p>Structure:<\/p>\n<p>Size: 170x225mm.<\/p>\n<p>Notes: Sewn on four thongs, full blindstamped pigskin. Brass foreedge clasps.<\/p>\n<\/div>\n<p>&nbsp;<\/p>\n<p>&nbsp;<\/p>\n<div class=\"entry\">\n<p><img loading=\"lazy\" decoding=\"async\" class=\"alignleft\" src=\"http:\/\/www.lib.uiowa.edu\/sc\/files\/bookofhours1502.jpg\" alt=\"\" width=\"175\" height=\"398\" align=\"left\" \/> <img loading=\"lazy\" decoding=\"async\" src=\"http:\/\/www.lib.uiowa.edu\/sc\/files\/CathChurch1502topspine.jpg\" alt=\"\" width=\"195\" height=\"153\" \/><\/p>\n<p>Call number: xBX2080.A2 1502<\/p>\n<p>Imprint: Catholic Church. [Ces presentes heures a lusaig de Tour au long sans requerir.n.p., n.d.]?<\/p>\n<p>Text: On each page text is surrounded by woodcut border with images and decorations. Partially rubricated in red and blue.<\/p>\n<p>Structure: Parts of an earlier [18th Century (?)] rebinding, laced. 1\/4 sprinkled sheep with brushed paste paper covers, hidden vellum cornrer, has been preserved in accompanying box.<\/p>\n<p>Size: 110x180mm. 135 leaves (counted in pencil during rebinding).<\/p>\n<p>Notes: Recently rebound in alum tawed pigskin. Sewn on four double thongs laced into wood boards; endbands sewn into head and foot cap; brass and tawed leather clasp. Boards from earlier binding (18th century?) laid into phase box.<\/p>\n<p>&nbsp;<\/p>\n<\/div>\n<div class=\"entry\">\n<p><img loading=\"lazy\" decoding=\"async\" class=\"alignleft\" src=\"http:\/\/www.lib.uiowa.edu\/sc\/files\/terence1505.jpg\" alt=\"\" width=\"150\" height=\"344\" align=\"left\" \/>Call Number: x878.T3.r 1505<\/p>\n<p align=\"left\">Imprint: Terence. <em>Terentius in Suametra Restitutus<\/em>. Florence: P. Junta, 1505.<\/p>\n<p align=\"left\">Text: Italic letter. Not paged but signatures signed. Half title page, colophon. Some marginal notes including a pointing finger.<\/p>\n<p align=\"left\">Structure: Block sewn on four cords; vellum over boards; marbled paper endsheets; edges sprinkled red. Endbands.<\/p>\n<p align=\"left\">Size: 115x160mm.<\/p>\n<\/div>\n<p>&nbsp;<\/p>\n<p>Notes:<\/p>\n<p>&nbsp;<\/p>\n<p>&nbsp;<\/p>\n<p>&nbsp;<\/p>\n<div class=\"entry\"><\/div>\n<div class=\"entry\">\n<p><strong><img loading=\"lazy\" decoding=\"async\" class=\"alignleft\" src=\"http:\/\/www.lib.uiowa.edu\/sc\/files\/brusoni1518.jpg\" alt=\"\" width=\"175\" height=\"302\" align=\"left\" \/><\/strong>Call number: xfPN6154 .B7 1518<\/p>\n<p>Imprint: Brusoni, Lucio Domizio L. <em>Domitii Brusonii &#8230; Facetiarvm exemplorvmq. libri VII<\/em>.[Romae, Impressum per Iacobum Mazochium, 1518].<\/p>\n<p>Text: Woodcut border surrounding title pape.<\/p>\n<p>Structure: Sewn on three leather double thongs laced into cover; endbands sewn on leather strips. Vellum manuscript fragments used to line spine. Full semi-limp paper cover.<\/p>\n<p>Size: 220x300m, about 450 pages..<\/p>\n<p>Notes: Partial title in an early hand on the lower edgue. Foliated (223 leaves). Colophon with register of signatures. A few marginal notes. In custom dropspine box.<\/p>\n<\/div>\n<p>&nbsp;<\/p>\n<p>&nbsp;<\/p>\n<div class=\"entry\">\n<p><img loading=\"lazy\" decoding=\"async\" class=\"alignleft\" src=\"http:\/\/www.lib.uiowa.edu\/sc\/files\/Epictetus1535spine.jpg\" alt=\"\" width=\"79\" height=\"355\" align=\"left\" \/><img loading=\"lazy\" decoding=\"async\" class=\"alignleft\" src=\"http:\/\/www.lib.uiowa.edu\/sc\/files\/Epictetus1535.jpg\" alt=\"\" width=\"200\" height=\"355\" align=\"left\" \/>Call Number: xPA3969 .A2 1535<\/p>\n<p>Imprint: Epictetus. <em>Arrianou Eriktetos <\/em>[i.e. Epiktetos] = <em>Arrianou Eriktetos.<\/em><\/p>\n<p>Text:<\/p>\n<p>Structure: Limp Vellum sewn on supports with yapp and foredge closure<\/p>\n<p>Size: 110x160mm.<\/p>\n<p>Notes: Exposed sewing.<\/p>\n<\/div>\n<p>&nbsp;<\/p>\n<p>&nbsp;<\/p>\n<p>&nbsp;<\/p>\n<p>&nbsp;<\/p>\n<p>&nbsp;<\/p>\n<div class=\"entry\">\n<p><img loading=\"lazy\" decoding=\"async\" class=\"alignleft\" src=\"http:\/\/www.lib.uiowa.edu\/sc\/files\/Verratus1544.jpg\" alt=\"\" width=\"200\" height=\"326\" align=\"left\" \/><img loading=\"lazy\" decoding=\"async\" class=\"alignleft\" src=\"http:\/\/www.lib.uiowa.edu\/sc\/files\/Verratus1544frontboard.jpg\" alt=\"\" width=\"232\" height=\"326\" align=\"left\" \/>Call Number: xBX1780 .V4 1544Imprint:Verrati, Giovanni Maria, 1490-1563. <em>Dispvtationes adversvs Lvtheranos per diuinarum Scrip. theoremata eorum dogmatibus opposita \/ Ioan<\/em>.Venetiis: Per cominvm de Tridino Montisferrati, 1544.<\/p>\n<p>Structure: Alum-tawed split thongs laced into 1\/4 sawn boards.<\/p>\n<p>Text:<\/p>\n<p>Size: 110x155mm.<\/p>\n<p>Notes: Blind tooled calf over boards.Vellum titlepiece on spine. Dropspine box.<\/p>\n<\/div>\n<p>&nbsp;<\/p>\n<p>&nbsp;<\/p>\n<p>&nbsp;<\/p>\n<div class=\"entry\">\n<p><img loading=\"lazy\" decoding=\"async\" class=\"alignleft\" src=\"http:\/\/www.lib.uiowa.edu\/sc\/files\/Gomara1560.jpg\" alt=\"\" width=\"103\" height=\"335\" align=\"left\" \/>Call Number: xF1230 .G618 1560<\/p>\n<p>Imprint: Gmara, Francisco Lpez de, 1510-1560. <em>Historia di Don Ferdinando Cortes, marchese della Valle, capitano valorosissimo, con le sve maraviglIn<\/em>. Venetia, Per Francesco Lorenzini de Turino, MDLX [1560].<\/p>\n<p>Text: Attributed to Cicero?<\/p>\n<p>Structure: Tacket Binding. Vellum wrapper unattached. 16th Century Italian vellum case binding.<\/p>\n<p>Size: 90x145mm.<\/p>\n<p>Notes: Heavy paper laid over spine. Inked spine title.<\/p>\n<\/div>\n<p>&nbsp;<\/p>\n<p>&nbsp;<\/p>\n<p>&nbsp;<\/p>\n<div class=\"entry\">\n<p><img loading=\"lazy\" decoding=\"async\" class=\"alignleft\" src=\"http:\/\/www.lib.uiowa.edu\/sc\/files\/Hermogenesspine.jpg\" alt=\"\" width=\"164\" height=\"386\" align=\"left\" \/><img loading=\"lazy\" decoding=\"async\" class=\"alignleft\" src=\"http:\/\/www.lib.uiowa.edu\/sc\/files\/Hermogenesdetail.jpg\" alt=\"\" width=\"142\" height=\"106\" align=\"left\" \/><img loading=\"lazy\" decoding=\"async\" class=\"alignleft\" src=\"http:\/\/www.lib.uiowa.edu\/sc\/files\/Hermogenesdetail2.jpg\" alt=\"\" width=\"161\" height=\"106\" align=\"left\" \/>Call Number: xPA3998.H8 A5 1571<\/p>\n<p>Imprint: Hermogenes, 2nd cent. <em>De dicendi generibvs siue formis orationum libri II. Latinitate donati, &amp; scholis explicati atque il[Argentorati]. <\/em>Excudebat Iosias. Rihelius, MDLXXI.<\/p>\n<p>Text: Woodcut on title page.<\/p>\n<p>Structure: Contemporary 16th ce. Blind stamped leather. Laced onto four alum-tawed sewing supports<\/p>\n<p>Size: 110x170mm.<\/p>\n<p>Notes: Sewn on split thongs. Covered with calf. Blind medallion stamp centerd on boards. Author&#8217;s name in ink on foreedge. Paper titlepiece on spine. Dropspine box.<\/p>\n<\/div>\n<p>&nbsp;<\/p>\n<p>&nbsp;<\/p>\n<p>&nbsp;<\/p>\n<div class=\"entry\">\n<p><img loading=\"lazy\" decoding=\"async\" class=\"alignleft\" src=\"http:\/\/www.lib.uiowa.edu\/sc\/files\/Coornhert1582.jpg\" alt=\"\" width=\"75\" height=\"368\" align=\"left\" \/><img loading=\"lazy\" decoding=\"async\" class=\"alignleft\" src=\"http:\/\/www.lib.uiowa.edu\/sc\/files\/Coornhert1582insidecover.jpg\" alt=\"\" width=\"262\" height=\"102\" align=\"left\" \/>Call Number: xBX9473 .C6 1582<\/p>\n<p>Imprint: Coornhert, D. V. (Dirk Volkertszoon), 1522-1590. <em>Proeve. Vande Nederlantsche catechismo omme to verstaen. Of die voort gecome is wte Godlcke schrift<\/em>.<\/p>\n<p>Text:<\/p>\n<p>Structure: Late 16th Century Dutch binding. Cover is a vellum document with text on inner side of the sheet, outer side blank. Library shelf mark on spine..<\/p>\n<p>Size: 95x135mm.<\/p>\n<p>Notes: Sewing exposed on spine; covered with paper. Dropspine box.<\/p>\n<\/div>\n<p>&nbsp;<\/p>\n<p>&nbsp;<\/p>\n<p>&nbsp;<\/p>\n<p>&nbsp;<\/p>\n<p>&nbsp;<\/p>\n<p>&nbsp;<\/p>\n<div class=\"entry\">\n<p><img loading=\"lazy\" decoding=\"async\" class=\"alignleft\" src=\"http:\/\/www.lib.uiowa.edu\/sc\/files\/Chytrus1590.jpg\" alt=\"\" width=\"177\" height=\"355\" align=\"left\" \/>Call Number: xBT820 .C45 1590<\/p>\n<p>Imprint: Chytrus, David, 1531-1600. <em>Libellus de morte et vita terna. Editio postrema, cui addit sunt Imagines Mortis<\/em>. [by Hans HolbeinWiteberg], impressus Mattho Welack,<\/p>\n<p>Text:<\/p>\n<p>Structure: Green vellum over boards with with yapp edges.<\/p>\n<p>Size:100x160mm.<\/p>\n<p>Notes: Dropspine box.<\/p>\n<\/div>\n<p>&nbsp;<\/p>\n<p>&nbsp;<\/p>\n<p>&nbsp;<\/p>\n<p>&nbsp;<\/p>\n<p>&nbsp;<\/p>\n<div class=\"entry\">\n<p><img loading=\"lazy\" decoding=\"async\" class=\"alignleft\" src=\"http:\/\/www.lib.uiowa.edu\/sc\/files\/EinGeistilich1610.jpg\" alt=\"\" width=\"200\" height=\"290\" align=\"left\" \/><img loading=\"lazy\" decoding=\"async\" class=\"alignleft\" src=\"http:\/\/www.lib.uiowa.edu\/sc\/files\/EinGeistlich1610topspine.jpg\" alt=\"\" width=\"150\" height=\"171\" align=\"left\" \/>Call Number: xBX2079 .G4 1610<\/p>\n<p align=\"left\">Imprint: <em>Ein Geistlich Lustg\u00e4rtlein,darinnen vil sch\u00f6ne, liebliche, wolriechende, kr\u00e4fftige, unnd hailsame Bl\u00fcmlein zu finden ; f\u00fcr eines jeden Christen-menschens Seel unnd Leib, in jeder Noth und Anliegen, sehr n\u00fctzlich zugebrauchen. Auss welchen Bl\u00fcmlein ein jede Person, soviel siebegert, zu einem Trost in Gott, und Erquickung in Christo dem Herren, abbrechen unnd brauchen mag<\/em> Gr\u00e4z, G. Widmanstetter, 1610.<\/p>\n<p>Structure: Jewelled Binding. Full black morocco over thin wooden boards. Clasps, catchplates. Cornerpieces and medallions. Decorated with garnets.<\/p>\n<p>Size: 110x155mm.<\/p>\n<p>Notes: Gauffering on edges. Cutom quarter leather dropspine box.<\/p>\n<\/div>\n<p>&nbsp;<\/p>\n<div class=\"entry\">\n<p><strong><img loading=\"lazy\" decoding=\"async\" class=\"alignleft\" src=\"http:\/\/www.lib.uiowa.edu\/sc\/files\/Ludovicus1645.jpg\" alt=\"\" width=\"200\" height=\"404\" align=\"left\" \/><\/strong>Call Number: xBT1480.C76 1645<\/p>\n<p>Imprint: Crocius, Ludovicus 1586-1655? <em>Anti Socinus Contractus\u2026 <\/em><\/p>\n<p>Text:<\/p>\n<p>Structure: Braided cord supports laced into boards. Full calf.<\/p>\n<p>Size: 75x130mm.<\/p>\n<p>Notes: Full blindstamped calf. Long ribbon ties at foreedge. Custom dropspine box.<\/p>\n<\/div>\n<p>&nbsp;<\/p>\n<p>&nbsp;<\/p>\n<p>&nbsp;<\/p>\n<p>&nbsp;<\/p>\n<p>&nbsp;<\/p>\n<p>&nbsp;<\/p>\n<div class=\"entry\">\n<p><img loading=\"lazy\" decoding=\"async\" class=\"alignleft\" src=\"http:\/\/www.lib.uiowa.edu\/sc\/files\/Capra1685.jpg\" alt=\"\" width=\"60\" height=\"311\" align=\"left\" \/>Call Number: HHC TC533 .C37 1685<\/p>\n<p>Imprint: Capra, Domenico. <em>Il vero riparo, il facile, il natvrale per ouuiare, o rimediare ogni corrosione, e ruina di fiume<\/em>. Bologna, Per G. Monti, 1685.<\/p>\n<p>Text:<\/p>\n<p>Structure: Italian longstitch exposed on spine; late 17th Century<\/p>\n<p>Size:<\/p>\n<p>Notes: Covered in semi-limp paper.<\/p>\n<\/div>\n<p>&nbsp;<\/p>\n<p>&nbsp;<\/p>\n<p>&nbsp;<\/p>\n<p>&nbsp;<\/p>\n<p>&nbsp;<\/p>\n<div class=\"entry\">\n<p><img loading=\"lazy\" decoding=\"async\" class=\"alignleft\" src=\"http:\/\/www.lib.uiowa.edu\/sc\/files\/Stapleton1694.jpg\" alt=\"\" width=\"82\" height=\"256\" align=\"left\" \/>Call Number: xBX1750 .S7 1694<\/p>\n<p>Imprint: Stapleton, Thomas, 1535-1598. <em>Promptuarium catholicum : ad instructionem concionatorum contra nostri temporisColoniae Agrippinae<\/em>. [ Cologne]: in officina Birckmannica, sumptibus A. Mylii, 1694.<\/p>\n<p>Text:<\/p>\n<p>Structure: German Semi-Rigid Vellum Binding, late 16th century.<\/p>\n<p>Size: 105x175mm.<\/p>\n<p>Notes: Scaps of vellum manuscript and marbled paper used to line spine.<\/p>\n<\/div>\n<p>&nbsp;<\/p>\n<p>&nbsp;<\/p>\n<p>&nbsp;<\/p>\n<div class=\"entry\">\n<p><img loading=\"lazy\" decoding=\"async\" class=\"alignleft\" src=\"http:\/\/www.lib.uiowa.edu\/sc\/files\/quakerspine2.jpg\" alt=\"\" width=\"90\" height=\"183\" align=\"left\" \/><img loading=\"lazy\" decoding=\"async\" class=\"alignleft\" src=\"http:\/\/www.lib.uiowa.edu\/sc\/files\/quakerspine1.jpg\" alt=\"\" width=\"179\" height=\"113\" align=\"left\" \/><img loading=\"lazy\" decoding=\"async\" class=\"alignleft\" src=\"http:\/\/www.lib.uiowa.edu\/sc\/files\/quakercorner.jpg\" alt=\"\" width=\"123\" height=\"116\" align=\"left\" \/> Call Number: xfBX7630 .S5 1774?\/1823?<\/p>\n<p>Imprint: Sewel, William, 1653-1720. <em>The history of the rise, increase, and progress, of the Christian people called Quakers: intermixed<\/em>. Philadelphia: Printed and sold by Samuel Keimer in Second street. MDCCXXVIII.<\/p>\n<p>Text:<\/p>\n<p>Structure: Early 18th Century colonial American binding.<\/p>\n<p>Size:<\/p>\n<p>Notes:<\/p>\n<\/div>\n<p>&nbsp;<\/p>\n<div class=\"entry\">\n<p><img loading=\"lazy\" decoding=\"async\" class=\"alignleft\" src=\"http:\/\/www.lib.uiowa.edu\/sc\/files\/HHCQC151R5.jpg\" alt=\"\" width=\"169\" height=\"355\" align=\"left\" \/>Call Number: HHC fQA35. P76 SPEC HHC QC151 .R5 1739Imprint: Riva, Lodovico, 1698-1746. <em>Annotazioni di Lodovico Riva &#8230; al Trattato del moto e della misura delle acque correnti. <\/em> Bologna: Per Lelio dalla Volpe, 1739.<\/p>\n<p>Text:<\/p>\n<p>Structure: Laced case construction, hollow back.<\/p>\n<p>Size: 190x250mm.<\/p>\n<p>Notes: Borders painted red and gold stamped with rolls and tools.<\/p>\n<\/div>\n<p>&nbsp;<\/p>\n<p>&nbsp;<\/p>\n<p>&nbsp;<\/p>\n<p>&nbsp;<\/p>\n<p>&nbsp;<\/p>\n<div class=\"entry\">\n<p><img loading=\"lazy\" decoding=\"async\" class=\"alignleft\" src=\"http:\/\/www.lib.uiowa.edu\/sc\/files\/webster1866.jpg\" alt=\"\" width=\"200\" height=\"319\" align=\"left\" \/>Call number: xPE1144.W42 1866<\/p>\n<p>Imprint: Webster, Noah, 1758-1843. The elementary spelling book; being an improvement on &#8220;The American spelling book.&#8221; New York, D. Appleton, 1866<\/p>\n<p>Text:<\/p>\n<p>Structure: Tape-Slotted\/Non-Sewn structure. Spine is muslin; boards are a pulped board.<\/p>\n<p>Size: 120x170mm, 170 pages.<\/p>\n<p>Notes: Typical school book for this period.<\/p>\n<\/div>\n<p>&nbsp;<\/p>\n<p>&nbsp;<\/p>\n<p>&nbsp;<\/p>\n<div class=\"entry\">\n<p><img loading=\"lazy\" decoding=\"async\" class=\"alignleft\" src=\"http:\/\/www.lib.uiowa.edu\/sc\/files\/Wordsworth1874.jpg\" alt=\"\" width=\"195\" height=\"320\" align=\"left\" \/>Call Number: xPR5850.E697 1874<\/p>\n<p>Inprint: The Poetical Works of William Wordsworth with Illustrations by Keeley Halswelle. Edinburgh: William P. Nimmo<\/p>\n<p>Text:<\/p>\n<p>Structure:<\/p>\n<p>Size: 115x170mm.<\/p>\n<p>Notes: Mauchline binding. 3-dimensional fern designs over wooden boards with oval photographic image, gilt cartouche, on each board.<\/p>\n<\/div>\n<p>&nbsp;<\/p>\n<p>&nbsp;<\/p>\n<p>&nbsp;<\/p>\n<div class=\"entry\">\n<p><img loading=\"lazy\" decoding=\"async\" class=\"alignleft\" src=\"http:\/\/www.lib.uiowa.edu\/sc\/files\/Morris1893.jpg\" alt=\"\" width=\"184\" height=\"281\" align=\"left\" \/>Call Number: xPQ1461F47.E5 1893<\/p>\n<p>Imprint: William Morris. <em>Floire et Jeanne (Of King Florus and the Fair Jehane). <\/em>Kelmscott Press, 1893.<\/p>\n<p>Text:<\/p>\n<p>Structure:<\/p>\n<p>Size: 110x150mm.<\/p>\n<p>Notes: Jeweled binding. Custom quarter leather box.<\/p>\n<\/div>\n<p>&nbsp;<\/p>\n<p>&nbsp;<\/p>\n<p>&nbsp;<\/p>\n<div class=\"entry\">\n<p><img loading=\"lazy\" decoding=\"async\" class=\"alignleft\" src=\"http:\/\/www.lib.uiowa.edu\/sc\/files\/Rossetti1895.jpg\" alt=\"\" width=\"197\" height=\"288\" align=\"left\" \/>Call Number: xPR5242.E43 1894<\/p>\n<p>Imprint: Rossetti, Dante Gabriel.<em> Sonnets &amp; Lyrical Poems.<\/em> Kelmscott Press, 1894.<\/p>\n<p>Text:<\/p>\n<p>Structure:<\/p>\n<p>Size: 145x210mm.<\/p>\n<p>Notes: Limp vellum, sewn on tapes.<\/p>\n<\/div>\n<p>&nbsp;<\/p>\n<p>&nbsp;<\/p>\n<p>&nbsp;<\/p>\n<div class=\"entry\">\n<p><img loading=\"lazy\" decoding=\"async\" class=\"alignleft\" src=\"http:\/\/www.lib.uiowa.edu\/sc\/files\/GuidetoJesus1899.jpg\" alt=\"\" width=\"170\" height=\"228\" align=\"left\" \/>Call Number: No call number.<\/p>\n<p>Imprint: <em>The Catholic&#8217;s Pocket Manual, or Guide to Jesus<\/em>. John Bapt: Steinbrener, Wintenberg, 1899.<\/p>\n<p>text:<\/p>\n<p>Structure: Celloloid spine and covers with inlaid mother of pearl.<\/p>\n<p>Size: 70x100mm.<\/p>\n<p>Notes: Gift of Charlotte Smith.<\/p>\n<\/div>\n<p>&nbsp;<\/p>\n<p>&nbsp;<\/p>\n<div class=\"entry\">\n<p><img loading=\"lazy\" decoding=\"async\" class=\"alignleft\" src=\"http:\/\/www.lib.uiowa.edu\/sc\/files\/FeastoftheNewYear1906.jpg\" alt=\"\" width=\"200\" height=\"283\" align=\"left\" \/>Call Number: No call number.<\/p>\n<p>Imprint: <em>Feast of the New Year<\/em>. 1906.<\/p>\n<p>Text:<\/p>\n<p>Structure:<\/p>\n<p>Size:<\/p>\n<p>Notes: Czechosolvakian binding circa 1926. Celluloid covers, brass edging and clasp. Front cover decorated with velvet, brass, and bone. Repaired with duct tape.<\/p>\n<\/div>\n<p>&nbsp;<\/p>\n<p>&nbsp;<\/p>\n<div class=\"entry\">\n<p><img loading=\"lazy\" decoding=\"async\" class=\"alignleft\" src=\"http:\/\/www.lib.uiowa.edu\/sc\/files\/Morris1996.jpg\" alt=\"\" width=\"210\" height=\"315\" align=\"left\" \/>Call Number: xZ232.M87M83 (?)<\/p>\n<p>Imprint: Morris, William. <em>A Note by William Morris\u2026<\/em> Grolier Club, 1996.<\/p>\n<p>Text:<\/p>\n<p>Structure:<\/p>\n<p>Size: 160x235mm.<\/p>\n<p>Notes: Quarter cloth with printed paper boards.<\/p>\n<\/div>\n<p>&nbsp;<\/p>\n<p>&nbsp;<\/p>\n<p>&nbsp;<\/p>\n<p>&nbsp;<\/p>\n<div class=\"entry\">\n<p><img loading=\"lazy\" decoding=\"async\" class=\"alignleft\" src=\"http:\/\/www.lib.uiowa.edu\/sc\/files\/Boccaccio.jpg\" alt=\"\" width=\"142\" height=\"218\" align=\"left\" \/>Call Number: xPQ4338.B6 1955<\/p>\n<p>Imprint: Boccaccio, Giovanni Trattetello in Laude di Dante<\/p>\n<p>Text:<\/p>\n<p>Structure:<\/p>\n<p>Size:<\/p>\n<p>Notes:<\/p>\n<p>&nbsp;<\/p>\n<\/div>\n<div class=\"entry\">\n<p><img loading=\"lazy\" decoding=\"async\" class=\"alignleft\" src=\"http:\/\/www.lib.uiowa.edu\/sc\/files\/Hamadyinside.jpg\" alt=\"\" width=\"157\" height=\"221\" align=\"left\" \/><img loading=\"lazy\" decoding=\"async\" class=\"alignleft\" src=\"http:\/\/www.lib.uiowa.edu\/sc\/files\/hamady.jpg\" alt=\"\" width=\"164\" height=\"103\" align=\"left\" \/><img loading=\"lazy\" decoding=\"async\" class=\"alignleft\" src=\"http:\/\/www.lib.uiowa.edu\/sc\/files\/Hamadyspine.jpg\" alt=\"\" width=\"228\" height=\"104\" align=\"left\" \/>Call Number: xN7433.4.H3 A4 1988<\/p>\n<p>Imprint: Hamady, Walter. <em>Neopostmodernism<\/em>.<\/p>\n<p>Text:<\/p>\n<p>Structure:<\/p>\n<p>Size:<\/p>\n<p>Notes:<\/p>\n<\/div>\n<p>&nbsp;<\/p>\n<p>&nbsp;<\/p>\n<div class=\"entry\">\n<p><img loading=\"lazy\" decoding=\"async\" class=\"alignleft\" src=\"http:\/\/www.lib.uiowa.edu\/sc\/files\/arplines.jpg\" alt=\"\" width=\"156\" height=\"228\" align=\"left\" \/>Call Number: xfPS3568.E444.A8 1990<\/p>\n<p>Imprint: Reese, Harry. <em>Arplines<\/em>.<\/p>\n<p>Text:<\/p>\n<p>Structure:<\/p>\n<p>Size:<\/p>\n<p>Notes: No structure, but interesting enclosure.<\/p>\n<\/div>\n<p>&nbsp;<\/p>\n<p>&nbsp;<\/p>\n<div class=\"entry\">\n<p><img loading=\"lazy\" decoding=\"async\" class=\"alignleft\" src=\"http:\/\/www.lib.uiowa.edu\/sc\/files\/Sheherezade1988.jpg\" alt=\"\" width=\"163\" height=\"231\" align=\"left\" \/>Call Number: SzathN7433.4.Z84A4 1988<\/p>\n<p>Imprint: Zweig, Janet. <em>Scheherazade: A Flip Book <\/em><\/p>\n<p>Text:<\/p>\n<p>Structure:<\/p>\n<p>Size:<\/p>\n<p>Notes:<\/p>\n<\/div>\n<p>&nbsp;<\/p>\n<div class=\"entry\">\n<p><img loading=\"lazy\" decoding=\"async\" class=\"alignleft\" src=\"http:\/\/www.lib.uiowa.edu\/sc\/files\/BackofTime.jpg\" alt=\"\" width=\"141\" height=\"209\" align=\"left\" \/>Call Number: xfN74334.4.S3B33 1992<\/p>\n<p>Imprint: Scobey, Patricia. <em>The Back of Time<\/em>.<\/p>\n<p>Text:<\/p>\n<p>Structure: &#8216;French Door&#8217; Wire Edge Binding.<\/p>\n<p>Size:<\/p>\n<p>Notes:<\/p>\n<\/div>\n<p>&nbsp;<\/p>\n<p>&nbsp;<\/p>\n<div class=\"entry\">\n<p><img loading=\"lazy\" decoding=\"async\" class=\"alignleft\" src=\"http:\/\/www.lib.uiowa.edu\/sc\/files\/Stahlecker1997.jpg\" alt=\"\" width=\"172\" height=\"215\" align=\"left\" \/>Call Number: xN7433.4.S735M37 1997<\/p>\n<p>Imprint: Stahlecker, Bonnie. <em>Marking Time. <\/em><\/p>\n<p>Text:<\/p>\n<p>Structure: Link stitch with clay covers<\/p>\n<p>Size: 55x65mm<\/p>\n<p>Notes:<\/p>\n<\/div>\n<p>&nbsp;<\/p>\n<p>&nbsp;<\/p>\n<p>&nbsp;<\/p>\n<p>&nbsp;<\/p>\n<div class=\"entry\">\n<p><img loading=\"lazy\" decoding=\"async\" class=\"alignleft\" src=\"http:\/\/www.lib.uiowa.edu\/sc\/files\/Essigbackcover.jpg\" alt=\"\" width=\"133\" height=\"200\" align=\"left\" \/><img loading=\"lazy\" decoding=\"async\" class=\"alignleft\" src=\"http:\/\/www.lib.uiowa.edu\/sc\/files\/Essigspine.jpg\" alt=\"\" width=\"89\" height=\"200\" align=\"left\" \/><img loading=\"lazy\" decoding=\"async\" class=\"alignleft\" src=\"http:\/\/www.lib.uiowa.edu\/sc\/files\/Essigcover.jpg\" alt=\"\" width=\"133\" height=\"200\" align=\"left\" \/>Call Number: xN7433.4.E88C5 1999<\/p>\n<p>Imprint: Essig, Daniel. <em>Chained Book on a Book <\/em><\/p>\n<p>Text:<\/p>\n<p>Structure: Modified Coptic stitch<\/p>\n<p>Size:<\/p>\n<p>Notes:<\/p>\n<\/div>\n","protected":false},"excerpt":{"rendered":"<p>A lowercase &#8220;x&#8221; at the beginning of a call number indicates x collection; &#8220;Szath&#8221;, Szathmary collection, etc. A lower case &#8220;f&#8221; indicates a folio (or oversized book), the last numbers [&hellip;]<\/p>\n","protected":false},"author":1,"featured_media":0,"parent":7150,"menu_order":1,"comment_status":"closed","ping_status":"closed","template":"pagetpl-special-shiny.php","meta":{"footnotes":"","_links_to":"","_links_to_target":""},"categories":[],"tags":[],"_links":{"self":[{"href":"https:\/\/www.lib.uiowa.edu\/sc\/wp-json\/wp\/v2\/pages\/7154"}],"collection":[{"href":"https:\/\/www.lib.uiowa.edu\/sc\/wp-json\/wp\/v2\/pages"}],"about":[{"href":"https:\/\/www.lib.uiowa.edu\/sc\/wp-json\/wp\/v2\/types\/page"}],"author":[{"embeddable":true,"href":"https:\/\/www.lib.uiowa.edu\/sc\/wp-json\/wp\/v2\/users\/1"}],"replies":[{"embeddable":true,"href":"https:\/\/www.lib.uiowa.edu\/sc\/wp-json\/wp\/v2\/comments?post=7154"}],"version-history":[{"count":64,"href":"https:\/\/www.lib.uiowa.edu\/sc\/wp-json\/wp\/v2\/pages\/7154\/revisions"}],"predecessor-version":[{"id":11974,"href":"https:\/\/www.lib.uiowa.edu\/sc\/wp-json\/wp\/v2\/pages\/7154\/revisions\/11974"}],"up":[{"embeddable":true,"href":"https:\/\/www.lib.uiowa.edu\/sc\/wp-json\/wp\/v2\/pages\/7150"}],"wp:attachment":[{"href":"https:\/\/www.lib.uiowa.edu\/sc\/wp-json\/wp\/v2\/media?parent=7154"}],"wp:term":[{"taxonomy":"category","embeddable":true,"href":"https:\/\/www.lib.uiowa.edu\/sc\/wp-json\/wp\/v2\/categories?post=7154"},{"taxonomy":"post_tag","embeddable":true,"href":"https:\/\/www.lib.uiowa.edu\/sc\/wp-json\/wp\/v2\/tags?post=7154"}],"curies":[{"name":"wp","href":"https:\/\/api.w.org\/{rel}","templated":true}]}}